{"id":99,"date":"2025-08-24T23:25:27","date_gmt":"2025-08-24T23:25:27","guid":{"rendered":"https:\/\/www.frikyx.store\/?post_type=product&#038;p=99"},"modified":"2026-01-11T22:02:43","modified_gmt":"2026-01-11T22:02:43","slug":"alto-en-estres","status":"publish","type":"product","link":"https:\/\/www.frikyx.store\/?product=alto-en-estres","title":{"rendered":"Alto En Estr\u00e9s"},"content":{"rendered":"<p>Perfecto para quienes buscan humor y estilo, este pin o llavero en PLA con la frase <strong data-start=\"2520\" data-end=\"2540\">&#8220;Alto en Estr\u00e9s&#8221;<\/strong> es ideal para mochilas, gorras o chaquetas. Su dise\u00f1o tipo etiqueta resalta entre tus accesorios y refleja la vibra de los memes y la cultura actual. Hecho en PLA, es ligero, resistente y divertido.<\/p>\n","protected":false},"excerpt":{"rendered":"<p>Pin o llavero circular en PLA con el cl\u00e1sico dise\u00f1o de advertencia &#8220;Alto en Estr\u00e9s&#8221;.<\/p>\n","protected":false},"featured_media":105,"template":"","meta":[],"product_brand":[],"product_cat":[24,18],"product_tag":[],"class_list":{"0":"post-99","1":"product","2":"type-product","3":"status-publish","4":"has-post-thumbnail","6":"product_cat-excesos-en","7":"product_cat-videojuegos","9":"first","10":"instock","11":"shipping-taxable","12":"purchasable","13":"product-type-variable"},"jetpack_sharing_enabled":true,"_links":{"self":[{"href":"https:\/\/www.frikyx.store\/index.php?rest_route=\/wp\/v2\/product\/99","targetHints":{"allow":["GET"]}}],"collection":[{"href":"https:\/\/www.frikyx.store\/index.php?rest_route=\/wp\/v2\/product"}],"about":[{"href":"https:\/\/www.frikyx.store\/index.php?rest_route=\/wp\/v2\/types\/product"}],"wp:featuredmedia":[{"embeddable":true,"href":"https:\/\/www.frikyx.store\/index.php?rest_route=\/wp\/v2\/media\/105"}],"wp:attachment":[{"href":"https:\/\/www.frikyx.store\/index.php?rest_route=%2Fwp%2Fv2%2Fmedia&parent=99"}],"wp:term":[{"taxonomy":"product_brand","embeddable":true,"href":"https:\/\/www.frikyx.store\/index.php?rest_route=%2Fwp%2Fv2%2Fproduct_brand&post=99"},{"taxonomy":"product_cat","embeddable":true,"href":"https:\/\/www.frikyx.store\/index.php?rest_route=%2Fwp%2Fv2%2Fproduct_cat&post=99"},{"taxonomy":"product_tag","embeddable":true,"href":"https:\/\/www.frikyx.store\/index.php?rest_route=%2Fwp%2Fv2%2Fproduct_tag&post=99"}],"curies":[{"name":"wp","href":"https:\/\/api.w.org\/{rel}","templated":true}]}}