{"id":88,"date":"2025-08-24T23:01:23","date_gmt":"2025-08-24T23:01:23","guid":{"rendered":"https:\/\/www.frikyx.store\/?post_type=product&#038;p=88"},"modified":"2026-01-11T21:59:46","modified_gmt":"2026-01-11T21:59:46","slug":"system-of-a-down","status":"publish","type":"product","link":"https:\/\/www.frikyx.store\/?product=system-of-a-down","title":{"rendered":"System of a Down"},"content":{"rendered":"<p data-start=\"1408\" data-end=\"1762\">Demuestra tu pasi\u00f3n por el rock con este pin o llavero en PLA de <strong data-start=\"1498\" data-end=\"1518\">System of a Down<\/strong>. Ideal para fan\u00e1ticos de la m\u00fasica alternativa y el metal, su dise\u00f1o n\u00edtido lo hace perfecto para llevar en chaquetas, mochilas o tus llaves. Hecho en PLA, un material resistente y ligero, es un accesorio duradero y lleno de actitud Nu metalera.<\/p>\n","protected":false},"excerpt":{"rendered":"<p>Pin o llavero en PLA con el logo de <strong data-start=\"1334\" data-end=\"1354\">System of a Down<\/strong>, la banda de rock\/metal que marc\u00f3 una generaci\u00f3n.<\/p>\n","protected":false},"featured_media":75,"template":"","meta":[],"product_brand":[],"product_cat":[21],"product_tag":[],"class_list":{"0":"post-88","1":"product","2":"type-product","3":"status-publish","4":"has-post-thumbnail","6":"product_cat-musica","8":"first","9":"instock","10":"shipping-taxable","11":"purchasable","12":"product-type-variable"},"jetpack_sharing_enabled":true,"_links":{"self":[{"href":"https:\/\/www.frikyx.store\/index.php?rest_route=\/wp\/v2\/product\/88","targetHints":{"allow":["GET"]}}],"collection":[{"href":"https:\/\/www.frikyx.store\/index.php?rest_route=\/wp\/v2\/product"}],"about":[{"href":"https:\/\/www.frikyx.store\/index.php?rest_route=\/wp\/v2\/types\/product"}],"wp:featuredmedia":[{"embeddable":true,"href":"https:\/\/www.frikyx.store\/index.php?rest_route=\/wp\/v2\/media\/75"}],"wp:attachment":[{"href":"https:\/\/www.frikyx.store\/index.php?rest_route=%2Fwp%2Fv2%2Fmedia&parent=88"}],"wp:term":[{"taxonomy":"product_brand","embeddable":true,"href":"https:\/\/www.frikyx.store\/index.php?rest_route=%2Fwp%2Fv2%2Fproduct_brand&post=88"},{"taxonomy":"product_cat","embeddable":true,"href":"https:\/\/www.frikyx.store\/index.php?rest_route=%2Fwp%2Fv2%2Fproduct_cat&post=88"},{"taxonomy":"product_tag","embeddable":true,"href":"https:\/\/www.frikyx.store\/index.php?rest_route=%2Fwp%2Fv2%2Fproduct_tag&post=88"}],"curies":[{"name":"wp","href":"https:\/\/api.w.org\/{rel}","templated":true}]}}