{"id":192,"date":"2025-12-21T01:57:32","date_gmt":"2025-12-21T01:57:32","guid":{"rendered":"https:\/\/www.frikyx.store\/?post_type=product&#038;p=192"},"modified":"2026-01-11T22:18:43","modified_gmt":"2026-01-11T22:18:43","slug":"jesus","status":"publish","type":"product","link":"https:\/\/www.frikyx.store\/?product=jesus","title":{"rendered":"Jesus"},"content":{"rendered":"<p data-start=\"122\" data-end=\"417\">Pin o llavero en PLA con dise\u00f1o de Jes\u00fas, ideal para quienes desean expresar su fe de manera sencilla y significativa. Su dise\u00f1o te permite llevar un s\u00edmbolo de esperanza y protecci\u00f3n a todas partes: mochilas, ropa o llaves. Fabricado en PLA, es ligero y resistente, perfecto para el uso diario.<\/p>\n","protected":false},"excerpt":{"rendered":"<p>Pin o llavero en PLA con dise\u00f1o de Jes\u00fas.<\/p>\n","protected":false},"featured_media":169,"template":"","meta":[],"product_brand":[],"product_cat":[16],"product_tag":[],"class_list":{"0":"post-192","1":"product","2":"type-product","3":"status-publish","4":"has-post-thumbnail","6":"product_cat-sin-categorizar","8":"first","9":"instock","10":"shipping-taxable","11":"purchasable","12":"product-type-variable"},"jetpack_sharing_enabled":true,"_links":{"self":[{"href":"https:\/\/www.frikyx.store\/index.php?rest_route=\/wp\/v2\/product\/192","targetHints":{"allow":["GET"]}}],"collection":[{"href":"https:\/\/www.frikyx.store\/index.php?rest_route=\/wp\/v2\/product"}],"about":[{"href":"https:\/\/www.frikyx.store\/index.php?rest_route=\/wp\/v2\/types\/product"}],"wp:featuredmedia":[{"embeddable":true,"href":"https:\/\/www.frikyx.store\/index.php?rest_route=\/wp\/v2\/media\/169"}],"wp:attachment":[{"href":"https:\/\/www.frikyx.store\/index.php?rest_route=%2Fwp%2Fv2%2Fmedia&parent=192"}],"wp:term":[{"taxonomy":"product_brand","embeddable":true,"href":"https:\/\/www.frikyx.store\/index.php?rest_route=%2Fwp%2Fv2%2Fproduct_brand&post=192"},{"taxonomy":"product_cat","embeddable":true,"href":"https:\/\/www.frikyx.store\/index.php?rest_route=%2Fwp%2Fv2%2Fproduct_cat&post=192"},{"taxonomy":"product_tag","embeddable":true,"href":"https:\/\/www.frikyx.store\/index.php?rest_route=%2Fwp%2Fv2%2Fproduct_tag&post=192"}],"curies":[{"name":"wp","href":"https:\/\/api.w.org\/{rel}","templated":true}]}}