{"id":188,"date":"2025-12-21T01:45:40","date_gmt":"2025-12-21T01:45:40","guid":{"rendered":"https:\/\/www.frikyx.store\/?post_type=product&#038;p=188"},"modified":"2026-01-11T22:17:49","modified_gmt":"2026-01-11T22:17:49","slug":"blue-lock","status":"publish","type":"product","link":"https:\/\/www.frikyx.store\/?product=blue-lock","title":{"rendered":"Blue Lock"},"content":{"rendered":"<p>Pin o llavero en PLA de Blue Lock, ideal para fans del anime y el f\u00fatbol competitivo. Su dise\u00f1o inspirado en la serie te permite llevar la intensidad y ambici\u00f3n de Blue Lock a todas partes: mochilas, ropa o llaves. Fabricado en PLA, es ligero y resistente, perfecto para el uso diario y para mostrar tu pasi\u00f3n por el anime.<\/p>\n","protected":false},"excerpt":{"rendered":"<p>Pin o llavero en PLA de Blue Lock.<\/p>\n","protected":false},"featured_media":165,"template":"","meta":[],"product_brand":[],"product_cat":[19,20],"product_tag":[],"class_list":{"0":"post-188","1":"product","2":"type-product","3":"status-publish","4":"has-post-thumbnail","6":"product_cat-anime","7":"product_cat-deportes","9":"first","10":"instock","11":"shipping-taxable","12":"purchasable","13":"product-type-variable"},"jetpack_sharing_enabled":true,"_links":{"self":[{"href":"https:\/\/www.frikyx.store\/index.php?rest_route=\/wp\/v2\/product\/188","targetHints":{"allow":["GET"]}}],"collection":[{"href":"https:\/\/www.frikyx.store\/index.php?rest_route=\/wp\/v2\/product"}],"about":[{"href":"https:\/\/www.frikyx.store\/index.php?rest_route=\/wp\/v2\/types\/product"}],"wp:featuredmedia":[{"embeddable":true,"href":"https:\/\/www.frikyx.store\/index.php?rest_route=\/wp\/v2\/media\/165"}],"wp:attachment":[{"href":"https:\/\/www.frikyx.store\/index.php?rest_route=%2Fwp%2Fv2%2Fmedia&parent=188"}],"wp:term":[{"taxonomy":"product_brand","embeddable":true,"href":"https:\/\/www.frikyx.store\/index.php?rest_route=%2Fwp%2Fv2%2Fproduct_brand&post=188"},{"taxonomy":"product_cat","embeddable":true,"href":"https:\/\/www.frikyx.store\/index.php?rest_route=%2Fwp%2Fv2%2Fproduct_cat&post=188"},{"taxonomy":"product_tag","embeddable":true,"href":"https:\/\/www.frikyx.store\/index.php?rest_route=%2Fwp%2Fv2%2Fproduct_tag&post=188"}],"curies":[{"name":"wp","href":"https:\/\/api.w.org\/{rel}","templated":true}]}}