{"id":114,"date":"2025-08-24T23:37:12","date_gmt":"2025-08-24T23:37:12","guid":{"rendered":"https:\/\/www.frikyx.store\/?post_type=product&#038;p=114"},"modified":"2026-01-11T22:14:15","modified_gmt":"2026-01-11T22:14:15","slug":"messi","status":"publish","type":"product","link":"https:\/\/www.frikyx.store\/?product=messi","title":{"rendered":"Messi"},"content":{"rendered":"<p>Celebra al campe\u00f3n del mundo con este pin o llavero en PLA de la camiseta de <strong data-start=\"4811\" data-end=\"4851\">Lionel Messi, n\u00famero 10 de Argentina<\/strong>. Perfecto para coleccionistas y fan\u00e1ticos del f\u00fatbol, su dise\u00f1o rinde homenaje al mejor jugador de todos los tiempos. Fabricado en PLA resistente y liviano, ideal para mochilas, camisetas y accesorios deportivos.<\/p>\n","protected":false},"excerpt":{"rendered":"<p>Pin o llavero en PLA de la camiseta de <strong data-start=\"4678\" data-end=\"4704\">Messi con el n\u00famero 10<\/strong>.<\/p>\n","protected":false},"featured_media":67,"template":"","meta":[],"product_brand":[],"product_cat":[20],"product_tag":[],"class_list":{"0":"post-114","1":"product","2":"type-product","3":"status-publish","4":"has-post-thumbnail","6":"product_cat-deportes","8":"first","9":"instock","10":"shipping-taxable","11":"purchasable","12":"product-type-variable"},"jetpack_sharing_enabled":true,"_links":{"self":[{"href":"https:\/\/www.frikyx.store\/index.php?rest_route=\/wp\/v2\/product\/114","targetHints":{"allow":["GET"]}}],"collection":[{"href":"https:\/\/www.frikyx.store\/index.php?rest_route=\/wp\/v2\/product"}],"about":[{"href":"https:\/\/www.frikyx.store\/index.php?rest_route=\/wp\/v2\/types\/product"}],"wp:featuredmedia":[{"embeddable":true,"href":"https:\/\/www.frikyx.store\/index.php?rest_route=\/wp\/v2\/media\/67"}],"wp:attachment":[{"href":"https:\/\/www.frikyx.store\/index.php?rest_route=%2Fwp%2Fv2%2Fmedia&parent=114"}],"wp:term":[{"taxonomy":"product_brand","embeddable":true,"href":"https:\/\/www.frikyx.store\/index.php?rest_route=%2Fwp%2Fv2%2Fproduct_brand&post=114"},{"taxonomy":"product_cat","embeddable":true,"href":"https:\/\/www.frikyx.store\/index.php?rest_route=%2Fwp%2Fv2%2Fproduct_cat&post=114"},{"taxonomy":"product_tag","embeddable":true,"href":"https:\/\/www.frikyx.store\/index.php?rest_route=%2Fwp%2Fv2%2Fproduct_tag&post=114"}],"curies":[{"name":"wp","href":"https:\/\/api.w.org\/{rel}","templated":true}]}}