{"id":106,"date":"2025-08-24T23:28:48","date_gmt":"2025-08-24T23:28:48","guid":{"rendered":"https:\/\/www.frikyx.store\/?post_type=product&#038;p=106"},"modified":"2026-01-11T22:04:06","modified_gmt":"2026-01-11T22:04:06","slug":"cristiano-ronaldo","status":"publish","type":"product","link":"https:\/\/www.frikyx.store\/?product=cristiano-ronaldo","title":{"rendered":"Cristiano Ronaldo"},"content":{"rendered":"<p data-start=\"3323\" data-end=\"3641\">Demuestra tu pasi\u00f3n por el f\u00fatbol con este pin o llavero en PLA de <strong data-start=\"3415\" data-end=\"3442\">Cristiano Ronaldo (CR7)<\/strong>. Su dise\u00f1o con el n\u00famero 7 cl\u00e1sico es perfecto para mochilas, camisetas o tus llaves. Fabricado en PLA duradero y ligero, es un accesorio ideal para hinchas del f\u00fatbol y coleccionistas deportivos.<\/p>\n","protected":false},"excerpt":{"rendered":"<p>Pin o llavero en PLA con el n\u00famero 7 de <strong data-start=\"3297\" data-end=\"3318\">Cristiano Ronaldo<\/strong>.<\/p>\n","protected":false},"featured_media":74,"template":"","meta":[],"product_brand":[],"product_cat":[20],"product_tag":[],"class_list":{"0":"post-106","1":"product","2":"type-product","3":"status-publish","4":"has-post-thumbnail","6":"product_cat-deportes","8":"first","9":"instock","10":"shipping-taxable","11":"purchasable","12":"product-type-variable"},"jetpack_sharing_enabled":true,"_links":{"self":[{"href":"https:\/\/www.frikyx.store\/index.php?rest_route=\/wp\/v2\/product\/106","targetHints":{"allow":["GET"]}}],"collection":[{"href":"https:\/\/www.frikyx.store\/index.php?rest_route=\/wp\/v2\/product"}],"about":[{"href":"https:\/\/www.frikyx.store\/index.php?rest_route=\/wp\/v2\/types\/product"}],"wp:featuredmedia":[{"embeddable":true,"href":"https:\/\/www.frikyx.store\/index.php?rest_route=\/wp\/v2\/media\/74"}],"wp:attachment":[{"href":"https:\/\/www.frikyx.store\/index.php?rest_route=%2Fwp%2Fv2%2Fmedia&parent=106"}],"wp:term":[{"taxonomy":"product_brand","embeddable":true,"href":"https:\/\/www.frikyx.store\/index.php?rest_route=%2Fwp%2Fv2%2Fproduct_brand&post=106"},{"taxonomy":"product_cat","embeddable":true,"href":"https:\/\/www.frikyx.store\/index.php?rest_route=%2Fwp%2Fv2%2Fproduct_cat&post=106"},{"taxonomy":"product_tag","embeddable":true,"href":"https:\/\/www.frikyx.store\/index.php?rest_route=%2Fwp%2Fv2%2Fproduct_tag&post=106"}],"curies":[{"name":"wp","href":"https:\/\/api.w.org\/{rel}","templated":true}]}}